{"id":30884,"date":"2018-01-15T16:26:30","date_gmt":"2018-01-15T19:26:30","guid":{"rendered":"http:\/\/www.encontralapa.com.br\/blog\/?page_id=30884"},"modified":"2025-09-25T17:00:25","modified_gmt":"2025-09-25T20:00:25","slug":"sobre-a-lapa","status":"publish","type":"page","link":"https:\/\/www.encontralapa.com.br\/sobre\/","title":{"rendered":"Sobre a Lapa"},"content":{"rendered":"<div class=\"1de5f6e57d654156b3d0cb31ae6c7c01\" data-index=\"1\" style=\"float: none; margin:0px;\">\n<!-- Anuncio display - global -->\r\n<ins class=\"adsbygoogle\"\r\n     style=\"display:block\"\r\n     data-ad-client=\"ca-pub-8585364105181520\"\r\n     data-ad-slot=\"8789329856\"\r\n     data-ad-format=\"auto\"\r\n     data-full-width-responsive=\"true\"><\/ins>\r\n<script>\r\n     (adsbygoogle = window.adsbygoogle || []).push({});\r\n<\/script>\n<\/div>\n<h2>Limites &#8211; Bairros Vizinhos &#8211; <a href=\"https:\/\/www.zonaoestesp.com.br\" target=\"_blank\" rel=\"noopener noreferrer\">Zona Oeste<\/a><\/h2>\n<p><a title=\"Freguesia do \u00d3\" href=\"https:\/\/www.encontrafreguesiadoo.com.br\/\" target=\"_blank\" rel=\"noopener noreferrer\"><img loading=\"lazy\" decoding=\"async\" class=\"alignleft size-full wp-image-30885\" src=\"https:\/\/www.encontralapa.com.br\/blog\/wp-content\/uploads\/2018\/01\/mapa-da-lapa.jpg\" alt=\"\" width=\"250\" height=\"250\" srcset=\"https:\/\/www.encontralapa.com.br\/sobre\/wp-content\/uploads\/2018\/01\/mapa-da-lapa.jpg 250w, https:\/\/www.encontralapa.com.br\/sobre\/wp-content\/uploads\/2018\/01\/mapa-da-lapa-150x150.jpg 150w\" sizes=\"auto, (max-width: 250px) 100vw, 250px\" \/><\/a><\/p>\n<ul>\n<li><a title=\"Freguesia do \u00d3\" href=\"https:\/\/www.encontrafreguesiadoo.com.br\/\" target=\"_blank\" rel=\"noopener noreferrer\">Freguesia do \u00d3<\/a><\/li>\n<li><a title=\"Pirituba\" href=\"https:\/\/www.encontrapirituba.com.br\/\" target=\"_blank\" rel=\"noopener noreferrer\">Pirituba<\/a><\/li>\n<li><a title=\"S\u00e3o Domingos\" href=\"https:\/\/www.encontrasp.com.br\/sao-domingos\" target=\"_blank\" rel=\"noopener noreferrer\">S\u00e3o Domingos<\/a><\/li>\n<li><a title=\"Vila Leopoldina\" href=\"https:\/\/www.encontravilaleopoldina.com.br\/\" target=\"_blank\" rel=\"noopener noreferrer\">Vila Leopoldina<\/a><\/li>\n<li><a title=\"Alto de Pinheiros\" href=\"https:\/\/www.encontrapinheiros.com.br\/\" target=\"_blank\" rel=\"noopener noreferrer\">Alto de Pinheiros<\/a><\/li>\n<li><a title=\"Perdizes\" href=\"https:\/\/www.encontraperdizes.com.br\/\" target=\"_blank\" rel=\"noopener noreferrer\">Perdizes<\/a><\/li>\n<li><a title=\"Barra Funda\" href=\"https:\/\/www.encontrabarrafunda.com.br\/\" target=\"_blank\" rel=\"noopener noreferrer\">Barra Funda<\/a><\/li>\n<li><a href=\"https:\/\/www.encontralimao.com.br\/\" target=\"_blank\" rel=\"noopener noreferrer\">Lim\u00e3o<\/a><\/li>\n<\/ul>\n<p>&nbsp;<\/p>\n<p>&nbsp;<\/p>\n<h2>Bairros<\/h2>\n<p>O Distrito Lapa est\u00e1 situado na Zona Noroeste e abrange os bairros de:<\/p>\n<ul>\n<li>Alto da Lapa<\/li>\n<li>Bela Alin\u00e7a<\/li>\n<li>Lapa<\/li>\n<li>Lapa de Baixo<\/li>\n<li>Parque Residencial da Lapa<\/li>\n<li>Siciliano<\/li>\n<li>Vila Anast\u00e1cio<\/li>\n<li>Vila Argentina<\/li>\n<li>Vila Augusto<\/li>\n<li>Vila Bela Alian\u00e7a<\/li>\n<li>Vila Carlina<\/li>\n<li>Vila Ipojuca<\/li>\n<li>Vila Romana<\/li>\n<\/ul>\n<h3>Pontos Tur\u00edsticos<\/h3>\n<p><img loading=\"lazy\" decoding=\"async\" class=\"alignleft wp-image-30886 size-thumbnail\" src=\"https:\/\/www.encontralapa.com.br\/blog\/wp-content\/uploads\/2018\/01\/mercado-da-lapa-150x150.jpg\" alt=\"\" width=\"150\" height=\"150\" \/> <img loading=\"lazy\" decoding=\"async\" class=\"alignleft wp-image-30887 size-thumbnail\" src=\"https:\/\/www.encontralapa.com.br\/blog\/wp-content\/uploads\/2018\/01\/estacao-ciencia-150x150.jpg\" alt=\"\" width=\"150\" height=\"150\" \/> <img loading=\"lazy\" decoding=\"async\" class=\"wp-image-30888 size-thumbnail alignleft\" src=\"https:\/\/www.encontralapa.com.br\/blog\/wp-content\/uploads\/2018\/01\/graffiti-na-estacao-lapa-150x150.jpg\" alt=\"\" width=\"150\" height=\"150\" \/><br \/>\n<em><strong>Destaque<\/strong><\/em><\/p>\n<p><strong>Mercado da Lapa<\/strong><br \/>\nNa lista dos 15 mercados municipais, o <a href=\"https:\/\/www.encontralapa.com.br\/mercado-da-lapa\/\">mercado da Lapa<\/a> \u00e9 um dos mais privilegiados em rela\u00e7\u00e3o \u00e0 localiza\u00e7\u00e3o: ele fica perto das linhas de transporte coletivo que liga a capital \u00e0s cidades como Santos e Jundia\u00ed.<\/p>\n<h3>Dados Principais sobre a Lapa<\/h3>\n<p><strong>Popula\u00e7\u00e3o<\/strong> 58.924 hab. (2010)<br \/>\n<strong>IDH<\/strong> 0,941 &#8211; muito elevado<br \/>\n<strong>Subprefeitura<\/strong> Lapa<br \/>\n<strong>Regi\u00e3o Administrativa<\/strong> Oeste<br \/>\n<strong>\u00c1rea Geogr\u00e1fica<\/strong> Centro Expandido<\/p>\n<h2>Moradores ilustres da Lapa<\/h2>\n<p><iframe loading=\"lazy\" style=\"border: none; overflow: hidden; width: 100%; height: 252px;\" src=\"https:\/\/www.facebook.com\/plugins\/likebox.php?href=http%3A%2F%2Fwww.facebook.com%2Flapasp&amp;width=778&amp;colorscheme=light&amp;show_faces=true&amp;stream=false&amp;header=false&amp;height=252\" width=\"300\" height=\"150\" frameborder=\"0\" scrolling=\"No\"><\/iframe><\/p>\n<h2>Hist\u00f3ria da Lapa<\/h2>\n<p><img loading=\"lazy\" decoding=\"async\" width=\"450\" height=\"311\" class=\"alignnone size-full wp-image-30890\" style=\"width: 100%; height: auto;\" src=\"https:\/\/www.encontralapa.com.br\/blog\/wp-content\/uploads\/2018\/01\/lapa.jpg\" alt=\"\" srcset=\"https:\/\/www.encontralapa.com.br\/sobre\/wp-content\/uploads\/2018\/01\/lapa.jpg 450w, https:\/\/www.encontralapa.com.br\/sobre\/wp-content\/uploads\/2018\/01\/lapa-300x207.jpg 300w\" sizes=\"auto, (max-width: 450px) 100vw, 450px\" \/><br \/>\nA <a href=\"\/\">Lapa<\/a> \u00e9 um distrito da regi\u00e3o oeste de S\u00e3o Paulo. Desenvolveu-se durante o s\u00e9culo XX, inicialmente como regi\u00e3o industrial e prolet\u00e1ria. \u00c9 cortado pelas linhas 7 e 8 da CPTM, respectivamente, ramos da S\u00e3o Paulo Railway e da Estrada de Ferro Sorocabana, que a dividem nas regi\u00f5es norte (Lapa de Baixo) e sul (Lapa). A \u00e1rea situada a sudoeste da \u00e1rea central (Lapa) \u00e9 denominada de Alto da Lapa.<\/p>\n<p>O Alto da Lapa foi urbanizado pela Cia. City e \u00e9 horizontal e residencial, formado por im\u00f3veis de alto padr\u00e3o. A Lapa de Baixo continua tendo as caracter\u00edsticas de bairro industrial e prolet\u00e1rio. O centro da <a href=\"\/\">Lapa<\/a> \u00e9 uma \u00e1rea comercial, que nas d\u00e9cadas de 1950 e 1960 constitu\u00eda um dos principais p\u00f3los comerciais da cidade, tendo depois entrado em decad\u00eancia.<\/p>\n<p>O <a href=\"\/\">Bairro Lapa<\/a> formou-se quando foi separado de Santa Cec\u00edlia, em 1910. Em 1948 perdeu parte de seu territ\u00f3rio para a forma\u00e7\u00e3o do antigo subdistrito de Vila Madalena (atualmente incorporado ao distrito de <a href=\"https:\/\/www.encontrapinheiros.com.br\" target=\"_blank\" rel=\"noopener noreferrer\">Pinheiros<\/a>). Em 1986, com a redivis\u00e3o do munic\u00edpio em 96 distritos, perdeu a por\u00e7\u00e3o mais a oeste de seu territ\u00f3rio para a cria\u00e7\u00e3o do distrito de Vila Leopoldina, al\u00e9m de contribuir tamb\u00e9m com a forma\u00e7\u00e3o do novo distrito de Alto de Pinheiros, e de transferir o bairro de Vila Charlote para o distrito da Barra Funda.<\/p>\n<p>A Rua Monte Pascal na Lapa marca o in\u00edcio da <a href=\"https:\/\/www.rodoviaanhanguera.com.br\" target=\"_blank\" rel=\"noopener noreferrer\">Rodovia Anhanguera<\/a> que vai at\u00e9 a cidade de Igarapava, divisa com o estado de Minas Gerais.<\/p>\n<p>Atualmente o distrito possui um dos melhores IDHs da cidade e \u00f3tima infraestrutura urbana. Apresenta diversos equipamentos culturais como: o Tendal da Lapa, a Esta\u00e7\u00e3o Ci\u00eancia, o teatro Cacilda Becker, o Clube-Escola Pelez\u00e3o, o 241\u00ba Grupo Escoteiro Quarupe, o Museu do Rel\u00f3gio e o Museu Esp\u00edrita. Al\u00e9m disso, no distrito est\u00e3o localizados, a sede da TV Cultura, e os Est\u00fadios Mauricio de Sousa. A regi\u00e3o tamb\u00e9m est\u00e1 pr\u00f3xima do <a href=\"https:\/\/www.arenapalmeiras.com\" target=\"_blank\" rel=\"noopener noreferrer\">Palestra Italia<\/a>, o est\u00e1dio da sociedade esportiva palmeiras.<\/p>\n<p>Para homenagear a comunidade de moradores deste maravilho bairro, o <a href=\"https:\/\/www.encontrasaopaulo.com.br\" target=\"_blank\" rel=\"noopener noreferrer\">Encontra S\u00e3o Paulo<\/a> criou o <a href=\"https:\/\/www.encontralapa.com.br\">Encontra Lapa<\/a> na cidade de SP.<\/p>\n\n<div style=\"font-size: 0px; height: 0px; line-height: 0px; margin: 0; padding: 0; clear: both;\"><\/div>","protected":false},"excerpt":{"rendered":"<p>Limites &#8211; Bairros Vizinhos &#8211; Zona Oeste Freguesia do \u00d3 Pirituba S\u00e3o Domingos Vila Leopoldina Alto de Pinheiros Perdizes Barra Funda Lim\u00e3o &nbsp; &nbsp; Bairros O Distrito Lapa est\u00e1 situado na Zona Noroeste e abrange os bairros de: Alto da Lapa Bela Alin\u00e7a Lapa Lapa de Baixo Parque Residencial da Lapa Siciliano Vila Anast\u00e1cio Vila Argentina Vila Augusto Vila Bela Alian\u00e7a Vila Carlina Vila Ipojuca Vila Romana Pontos Tur\u00edsticos Destaque Mercado da Lapa Na lista dos 15 mercados municipais, o mercado da Lapa \u00e9 um dos mais privilegiados em rela\u00e7\u00e3o \u00e0 localiza\u00e7\u00e3o: ele fica perto das linhas de transporte coletivo <\/p>\n","protected":false},"author":1,"featured_media":0,"parent":0,"menu_order":0,"comment_status":"closed","ping_status":"closed","template":"","meta":{"footnotes":""},"class_list":["post-30884","page","type-page","status-publish","hentry"],"yoast_head":"<!-- This site is optimized with the Yoast SEO plugin v26.5 - https:\/\/yoast.com\/wordpress\/plugins\/seo\/ -->\n<title>Sobre a Lapa - Encontra Lapa<\/title>\n<meta name=\"robots\" content=\"index, follow, max-snippet:-1, max-image-preview:large, max-video-preview:-1\" \/>\n<link rel=\"canonical\" href=\"https:\/\/www.encontralapa.com.br\/sobre\/\" \/>\n<meta property=\"og:locale\" content=\"pt_BR\" \/>\n<meta property=\"og:type\" content=\"article\" \/>\n<meta property=\"og:title\" content=\"Sobre a Lapa - Encontra Lapa\" \/>\n<meta property=\"og:description\" content=\"Limites &#8211; Bairros Vizinhos &#8211; Zona Oeste Freguesia do \u00d3 Pirituba S\u00e3o Domingos Vila Leopoldina Alto de Pinheiros Perdizes Barra Funda Lim\u00e3o &nbsp; &nbsp; Bairros O Distrito Lapa est\u00e1 situado na Zona Noroeste e abrange os bairros de: Alto da Lapa Bela Alin\u00e7a Lapa Lapa de Baixo Parque Residencial da Lapa Siciliano Vila Anast\u00e1cio Vila Argentina Vila Augusto Vila Bela Alian\u00e7a Vila Carlina Vila Ipojuca Vila Romana Pontos Tur\u00edsticos Destaque Mercado da Lapa Na lista dos 15 mercados municipais, o mercado da Lapa \u00e9 um dos mais privilegiados em rela\u00e7\u00e3o \u00e0 localiza\u00e7\u00e3o: ele fica perto das linhas de transporte coletivo\" \/>\n<meta property=\"og:url\" content=\"https:\/\/www.encontralapa.com.br\/sobre\/\" \/>\n<meta property=\"og:site_name\" content=\"Encontra Lapa\" \/>\n<meta property=\"article:modified_time\" content=\"2025-09-25T20:00:25+00:00\" \/>\n<meta property=\"og:image\" content=\"https:\/\/www.encontralapa.com.br\/sobre\/wp-content\/uploads\/2018\/01\/mapa-da-lapa.jpg\" \/>\n\t<meta property=\"og:image:width\" content=\"250\" \/>\n\t<meta property=\"og:image:height\" content=\"250\" \/>\n\t<meta property=\"og:image:type\" content=\"image\/jpeg\" \/>\n<meta name=\"twitter:card\" content=\"summary_large_image\" \/>\n<meta name=\"twitter:label1\" content=\"Est. tempo de leitura\" \/>\n\t<meta name=\"twitter:data1\" content=\"4 minutos\" \/>\n<script type=\"application\/ld+json\" class=\"yoast-schema-graph\">{\"@context\":\"https:\/\/schema.org\",\"@graph\":[{\"@type\":\"WebPage\",\"@id\":\"https:\/\/www.encontralapa.com.br\/sobre\/\",\"url\":\"https:\/\/www.encontralapa.com.br\/sobre\/\",\"name\":\"Sobre a Lapa - Encontra Lapa\",\"isPartOf\":{\"@id\":\"https:\/\/www.encontralapa.com.br\/sobre\/#website\"},\"primaryImageOfPage\":{\"@id\":\"https:\/\/www.encontralapa.com.br\/sobre\/#primaryimage\"},\"image\":{\"@id\":\"https:\/\/www.encontralapa.com.br\/sobre\/#primaryimage\"},\"thumbnailUrl\":\"https:\/\/www.encontralapa.com.br\/blog\/wp-content\/uploads\/2018\/01\/mapa-da-lapa.jpg\",\"datePublished\":\"2018-01-15T19:26:30+00:00\",\"dateModified\":\"2025-09-25T20:00:25+00:00\",\"breadcrumb\":{\"@id\":\"https:\/\/www.encontralapa.com.br\/sobre\/#breadcrumb\"},\"inLanguage\":\"pt-BR\",\"potentialAction\":[{\"@type\":\"ReadAction\",\"target\":[\"https:\/\/www.encontralapa.com.br\/sobre\/\"]}]},{\"@type\":\"ImageObject\",\"inLanguage\":\"pt-BR\",\"@id\":\"https:\/\/www.encontralapa.com.br\/sobre\/#primaryimage\",\"url\":\"https:\/\/www.encontralapa.com.br\/blog\/wp-content\/uploads\/2018\/01\/mapa-da-lapa.jpg\",\"contentUrl\":\"https:\/\/www.encontralapa.com.br\/blog\/wp-content\/uploads\/2018\/01\/mapa-da-lapa.jpg\"},{\"@type\":\"BreadcrumbList\",\"@id\":\"https:\/\/www.encontralapa.com.br\/sobre\/#breadcrumb\",\"itemListElement\":[{\"@type\":\"ListItem\",\"position\":1,\"name\":\"In\u00edcio\",\"item\":\"https:\/\/www.encontralapa.com.br\/sobre\/\"},{\"@type\":\"ListItem\",\"position\":2,\"name\":\"Sobre a Lapa\"}]},{\"@type\":\"WebSite\",\"@id\":\"https:\/\/www.encontralapa.com.br\/sobre\/#website\",\"url\":\"https:\/\/www.encontralapa.com.br\/sobre\/\",\"name\":\"Encontra Lapa\",\"description\":\"Not\u00edcias, eventos, informa\u00e7\u00f5es e dicas no bairro Lapa e regi\u00e3o.\",\"potentialAction\":[{\"@type\":\"SearchAction\",\"target\":{\"@type\":\"EntryPoint\",\"urlTemplate\":\"https:\/\/www.encontralapa.com.br\/sobre\/?s={search_term_string}\"},\"query-input\":{\"@type\":\"PropertyValueSpecification\",\"valueRequired\":true,\"valueName\":\"search_term_string\"}}],\"inLanguage\":\"pt-BR\"}]}<\/script>\n<!-- \/ Yoast SEO plugin. -->","yoast_head_json":{"title":"Sobre a Lapa - Encontra Lapa","robots":{"index":"index","follow":"follow","max-snippet":"max-snippet:-1","max-image-preview":"max-image-preview:large","max-video-preview":"max-video-preview:-1"},"canonical":"https:\/\/www.encontralapa.com.br\/sobre\/","og_locale":"pt_BR","og_type":"article","og_title":"Sobre a Lapa - Encontra Lapa","og_description":"Limites &#8211; Bairros Vizinhos &#8211; Zona Oeste Freguesia do \u00d3 Pirituba S\u00e3o Domingos Vila Leopoldina Alto de Pinheiros Perdizes Barra Funda Lim\u00e3o &nbsp; &nbsp; Bairros O Distrito Lapa est\u00e1 situado na Zona Noroeste e abrange os bairros de: Alto da Lapa Bela Alin\u00e7a Lapa Lapa de Baixo Parque Residencial da Lapa Siciliano Vila Anast\u00e1cio Vila Argentina Vila Augusto Vila Bela Alian\u00e7a Vila Carlina Vila Ipojuca Vila Romana Pontos Tur\u00edsticos Destaque Mercado da Lapa Na lista dos 15 mercados municipais, o mercado da Lapa \u00e9 um dos mais privilegiados em rela\u00e7\u00e3o \u00e0 localiza\u00e7\u00e3o: ele fica perto das linhas de transporte coletivo","og_url":"https:\/\/www.encontralapa.com.br\/sobre\/","og_site_name":"Encontra Lapa","article_modified_time":"2025-09-25T20:00:25+00:00","og_image":[{"width":250,"height":250,"url":"https:\/\/www.encontralapa.com.br\/sobre\/wp-content\/uploads\/2018\/01\/mapa-da-lapa.jpg","type":"image\/jpeg"}],"twitter_card":"summary_large_image","twitter_misc":{"Est. tempo de leitura":"4 minutos"},"schema":{"@context":"https:\/\/schema.org","@graph":[{"@type":"WebPage","@id":"https:\/\/www.encontralapa.com.br\/sobre\/","url":"https:\/\/www.encontralapa.com.br\/sobre\/","name":"Sobre a Lapa - Encontra Lapa","isPartOf":{"@id":"https:\/\/www.encontralapa.com.br\/sobre\/#website"},"primaryImageOfPage":{"@id":"https:\/\/www.encontralapa.com.br\/sobre\/#primaryimage"},"image":{"@id":"https:\/\/www.encontralapa.com.br\/sobre\/#primaryimage"},"thumbnailUrl":"https:\/\/www.encontralapa.com.br\/blog\/wp-content\/uploads\/2018\/01\/mapa-da-lapa.jpg","datePublished":"2018-01-15T19:26:30+00:00","dateModified":"2025-09-25T20:00:25+00:00","breadcrumb":{"@id":"https:\/\/www.encontralapa.com.br\/sobre\/#breadcrumb"},"inLanguage":"pt-BR","potentialAction":[{"@type":"ReadAction","target":["https:\/\/www.encontralapa.com.br\/sobre\/"]}]},{"@type":"ImageObject","inLanguage":"pt-BR","@id":"https:\/\/www.encontralapa.com.br\/sobre\/#primaryimage","url":"https:\/\/www.encontralapa.com.br\/blog\/wp-content\/uploads\/2018\/01\/mapa-da-lapa.jpg","contentUrl":"https:\/\/www.encontralapa.com.br\/blog\/wp-content\/uploads\/2018\/01\/mapa-da-lapa.jpg"},{"@type":"BreadcrumbList","@id":"https:\/\/www.encontralapa.com.br\/sobre\/#breadcrumb","itemListElement":[{"@type":"ListItem","position":1,"name":"In\u00edcio","item":"https:\/\/www.encontralapa.com.br\/sobre\/"},{"@type":"ListItem","position":2,"name":"Sobre a Lapa"}]},{"@type":"WebSite","@id":"https:\/\/www.encontralapa.com.br\/sobre\/#website","url":"https:\/\/www.encontralapa.com.br\/sobre\/","name":"Encontra Lapa","description":"Not\u00edcias, eventos, informa\u00e7\u00f5es e dicas no bairro Lapa e regi\u00e3o.","potentialAction":[{"@type":"SearchAction","target":{"@type":"EntryPoint","urlTemplate":"https:\/\/www.encontralapa.com.br\/sobre\/?s={search_term_string}"},"query-input":{"@type":"PropertyValueSpecification","valueRequired":true,"valueName":"search_term_string"}}],"inLanguage":"pt-BR"}]}},"_links":{"self":[{"href":"https:\/\/www.encontralapa.com.br\/sobre\/wp-json\/wp\/v2\/pages\/30884","targetHints":{"allow":["GET"]}}],"collection":[{"href":"https:\/\/www.encontralapa.com.br\/sobre\/wp-json\/wp\/v2\/pages"}],"about":[{"href":"https:\/\/www.encontralapa.com.br\/sobre\/wp-json\/wp\/v2\/types\/page"}],"author":[{"embeddable":true,"href":"https:\/\/www.encontralapa.com.br\/sobre\/wp-json\/wp\/v2\/users\/1"}],"replies":[{"embeddable":true,"href":"https:\/\/www.encontralapa.com.br\/sobre\/wp-json\/wp\/v2\/comments?post=30884"}],"version-history":[{"count":0,"href":"https:\/\/www.encontralapa.com.br\/sobre\/wp-json\/wp\/v2\/pages\/30884\/revisions"}],"wp:attachment":[{"href":"https:\/\/www.encontralapa.com.br\/sobre\/wp-json\/wp\/v2\/media?parent=30884"}],"curies":[{"name":"wp","href":"https:\/\/api.w.org\/{rel}","templated":true}]}}